{"id":223852,"date":"2015-07-24T02:26:17","date_gmt":"2015-07-24T02:26:17","guid":{"rendered":"https:\/\/tienda.lageria.com\/bodega-la-geria\/"},"modified":"2025-09-19T06:38:28","modified_gmt":"2025-09-19T05:38:28","slug":"bodega-la-geria","status":"publish","type":"page","link":"https:\/\/tienda.lageria.com\/en\/bodega-la-geria\/","title":{"rendered":"Bodega La Geria"},"content":{"rendered":"<p>[et_pb_section fb_built=&#8221;1&#8243; fullwidth=&#8221;on&#8221; custom_padding_last_edited=&#8221;on|desktop&#8221; admin_label=&#8221;section&#8221; _builder_version=&#8221;4.16&#8243; custom_padding_tablet=&#8221;50px|0|50px|0&#8243; custom_padding_phone=&#8221;&#8221; da_disable_devices=&#8221;off|off|off&#8221; transparent_background=&#8221;off&#8221; padding_mobile=&#8221;off&#8221; make_fullwidth=&#8221;off&#8221; use_custom_width=&#8221;off&#8221; width_unit=&#8221;on&#8221; global_colors_info=&#8221;{}&#8221; da_is_popup=&#8221;off&#8221; da_exit_intent=&#8221;off&#8221; da_has_close=&#8221;on&#8221; da_alt_close=&#8221;off&#8221; da_dark_close=&#8221;off&#8221; da_not_modal=&#8221;on&#8221; da_is_singular=&#8221;off&#8221; da_with_loader=&#8221;off&#8221; da_has_shadow=&#8221;on&#8221;][et_pb_fullwidth_post_title disabled_on=&#8221;on|on|on&#8221; admin_label=&#8221;T\u00edtulo de publicaci\u00f3n de anchura completa&#8221; _builder_version=&#8221;4.16&#8243; title_text_color=&#8221;#ededed&#8221; title_font_size=&#8221;84px&#8221; title_all_caps=&#8221;off&#8221; parallax_effect=&#8221;on&#8221; module_bg_color=&#8221;rgba(255,255,255,0)&#8221; use_border_color=&#8221;off&#8221; border_color=&#8221;#ffffff&#8221; border_style=&#8221;solid&#8221; disabled=&#8221;on&#8221; global_colors_info=&#8221;{}&#8221;]&nbsp;[\/et_pb_fullwidth_post_title][et_pb_fullwidth_slider show_content_on_mobile=&#8221;off&#8221; show_cta_on_mobile=&#8221;off&#8221; admin_label=&#8221;Control deslizante de anchura completa&#8221; _builder_version=&#8221;4.16&#8243; _module_preset=&#8221;default&#8221; remove_inner_shadow=&#8221;on&#8221; hide_content_on_mobile=&#8221;on&#8221; hide_cta_on_mobile=&#8221;on&#8221; show_inner_shadow=&#8221;off&#8221; button_border_radius_hover=&#8221;3&#8243; button_letter_spacing_hover=&#8221;0&#8243; global_colors_info=&#8221;{}&#8221; button_one_text_size__hover_enabled=&#8221;off&#8221; button_two_text_size__hover_enabled=&#8221;off&#8221; button_one_text_color__hover_enabled=&#8221;off&#8221; button_two_text_color__hover_enabled=&#8221;off&#8221; button_one_border_width__hover_enabled=&#8221;off&#8221; button_two_border_width__hover_enabled=&#8221;off&#8221; button_one_border_color__hover_enabled=&#8221;off&#8221; button_two_border_color__hover_enabled=&#8221;off&#8221; button_one_border_radius__hover_enabled=&#8221;off&#8221; button_two_border_radius__hover_enabled=&#8221;off&#8221; button_one_letter_spacing__hover_enabled=&#8221;off&#8221; button_two_letter_spacing__hover_enabled=&#8221;off&#8221; button_one_bg_color__hover_enabled=&#8221;off&#8221; button_two_bg_color__hover_enabled=&#8221;off&#8221;][et_pb_slide _builder_version=&#8221;4.16&#8243; background_color=&#8221;#ffffff&#8221; background_image=&#8221;http:\/\/lageria.test\/wp-content\/uploads\/Bodega-interior-01.jpeg&#8221; background_enable_image=&#8221;on&#8221; button_icon_placement=&#8221;right&#8221; button_on_hover=&#8221;on&#8221; global_colors_info=&#8221;{}&#8221; button_text_size__hover_enabled=&#8221;off&#8221; button_one_text_size__hover_enabled=&#8221;off&#8221; button_two_text_size__hover_enabled=&#8221;off&#8221; button_text_color__hover_enabled=&#8221;off&#8221; button_one_text_color__hover_enabled=&#8221;off&#8221; button_two_text_color__hover_enabled=&#8221;off&#8221; button_border_width__hover_enabled=&#8221;off&#8221; button_one_border_width__hover_enabled=&#8221;off&#8221; button_two_border_width__hover_enabled=&#8221;off&#8221; button_border_color__hover_enabled=&#8221;off&#8221; button_one_border_color__hover_enabled=&#8221;off&#8221; button_two_border_color__hover_enabled=&#8221;off&#8221; button_border_radius__hover_enabled=&#8221;off&#8221; button_one_border_radius__hover_enabled=&#8221;off&#8221; button_two_border_radius__hover_enabled=&#8221;off&#8221; button_letter_spacing__hover_enabled=&#8221;off&#8221; button_one_letter_spacing__hover_enabled=&#8221;off&#8221; button_two_letter_spacing__hover_enabled=&#8221;off&#8221; button_bg_color__hover_enabled=&#8221;off&#8221; button_one_bg_color__hover_enabled=&#8221;off&#8221; button_two_bg_color__hover_enabled=&#8221;off&#8221; sticky_transition=&#8221;on&#8221;]<\/p>\n<h1 style=\"text-align: left;\">es de las bodegas m\u00e1s visitadas de Espa\u00f1a &#8230;<\/h1>\n<p>[\/et_pb_slide][et_pb_slide _builder_version=&#8221;4.16&#8243; background_color=&#8221;#ffffff&#8221; background_image=&#8221;http:\/\/lageria.test\/wp-content\/uploads\/Bodega-interior-08.jpeg&#8221; background_enable_image=&#8221;on&#8221; button_icon_placement=&#8221;right&#8221; button_on_hover=&#8221;on&#8221; global_colors_info=&#8221;{}&#8221; button_text_size__hover_enabled=&#8221;off&#8221; button_one_text_size__hover_enabled=&#8221;off&#8221; button_two_text_size__hover_enabled=&#8221;off&#8221; button_text_color__hover_enabled=&#8221;off&#8221; button_one_text_color__hover_enabled=&#8221;off&#8221; button_two_text_color__hover_enabled=&#8221;off&#8221; button_border_width__hover_enabled=&#8221;off&#8221; button_one_border_width__hover_enabled=&#8221;off&#8221; button_two_border_width__hover_enabled=&#8221;off&#8221; button_border_color__hover_enabled=&#8221;off&#8221; button_one_border_color__hover_enabled=&#8221;off&#8221; button_two_border_color__hover_enabled=&#8221;off&#8221; button_border_radius__hover_enabled=&#8221;off&#8221; button_one_border_radius__hover_enabled=&#8221;off&#8221; button_two_border_radius__hover_enabled=&#8221;off&#8221; button_letter_spacing__hover_enabled=&#8221;off&#8221; button_one_letter_spacing__hover_enabled=&#8221;off&#8221; button_two_letter_spacing__hover_enabled=&#8221;off&#8221; button_bg_color__hover_enabled=&#8221;off&#8221; button_one_bg_color__hover_enabled=&#8221;off&#8221; button_two_bg_color__hover_enabled=&#8221;off&#8221; sticky_transition=&#8221;on&#8221;][\/et_pb_slide][et_pb_slide _builder_version=&#8221;4.16&#8243; background_color=&#8221;rgba(214,214,214,0.25)&#8221; background_image=&#8221;http:\/\/lageria.test\/wp-content\/uploads\/Bodega-interior-07.jpeg&#8221; background_enable_image=&#8221;on&#8221; button_icon_placement=&#8221;right&#8221; button_on_hover=&#8221;on&#8221; global_colors_info=&#8221;{}&#8221; button_text_size__hover_enabled=&#8221;off&#8221; button_one_text_size__hover_enabled=&#8221;off&#8221; button_two_text_size__hover_enabled=&#8221;off&#8221; button_text_color__hover_enabled=&#8221;off&#8221; button_one_text_color__hover_enabled=&#8221;off&#8221; button_two_text_color__hover_enabled=&#8221;off&#8221; button_border_width__hover_enabled=&#8221;off&#8221; button_one_border_width__hover_enabled=&#8221;off&#8221; button_two_border_width__hover_enabled=&#8221;off&#8221; button_border_color__hover_enabled=&#8221;off&#8221; button_one_border_color__hover_enabled=&#8221;off&#8221; button_two_border_color__hover_enabled=&#8221;off&#8221; button_border_radius__hover_enabled=&#8221;off&#8221; button_one_border_radius__hover_enabled=&#8221;off&#8221; button_two_border_radius__hover_enabled=&#8221;off&#8221; button_letter_spacing__hover_enabled=&#8221;off&#8221; button_one_letter_spacing__hover_enabled=&#8221;off&#8221; button_two_letter_spacing__hover_enabled=&#8221;off&#8221; button_bg_color__hover_enabled=&#8221;off&#8221; button_one_bg_color__hover_enabled=&#8221;off&#8221; button_two_bg_color__hover_enabled=&#8221;off&#8221; sticky_transition=&#8221;on&#8221;][\/et_pb_slide][et_pb_slide _builder_version=&#8221;4.16&#8243; background_color=&#8221;#ffffff&#8221; background_image=&#8221;http:\/\/lageria.test\/wp-content\/uploads\/Bodega-interior-04.jpeg&#8221; background_enable_image=&#8221;on&#8221; button_icon_placement=&#8221;right&#8221; button_on_hover=&#8221;on&#8221; global_colors_info=&#8221;{}&#8221; button_text_size__hover_enabled=&#8221;off&#8221; button_one_text_size__hover_enabled=&#8221;off&#8221; button_two_text_size__hover_enabled=&#8221;off&#8221; button_text_color__hover_enabled=&#8221;off&#8221; button_one_text_color__hover_enabled=&#8221;off&#8221; button_two_text_color__hover_enabled=&#8221;off&#8221; button_border_width__hover_enabled=&#8221;off&#8221; button_one_border_width__hover_enabled=&#8221;off&#8221; button_two_border_width__hover_enabled=&#8221;off&#8221; button_border_color__hover_enabled=&#8221;off&#8221; button_one_border_color__hover_enabled=&#8221;off&#8221; button_two_border_color__hover_enabled=&#8221;off&#8221; button_border_radius__hover_enabled=&#8221;off&#8221; button_one_border_radius__hover_enabled=&#8221;off&#8221; button_two_border_radius__hover_enabled=&#8221;off&#8221; button_letter_spacing__hover_enabled=&#8221;off&#8221; button_one_letter_spacing__hover_enabled=&#8221;off&#8221; button_two_letter_spacing__hover_enabled=&#8221;off&#8221; button_bg_color__hover_enabled=&#8221;off&#8221; button_one_bg_color__hover_enabled=&#8221;off&#8221; button_two_bg_color__hover_enabled=&#8221;off&#8221; sticky_transition=&#8221;on&#8221;] [\/et_pb_slide][et_pb_slide _builder_version=&#8221;4.16&#8243; background_color=&#8221;#ffffff&#8221; background_image=&#8221;http:\/\/lageria.test\/wp-content\/uploads\/Bodega-interior-01.jpeg&#8221; background_enable_image=&#8221;on&#8221; button_icon_placement=&#8221;right&#8221; button_on_hover=&#8221;on&#8221; global_colors_info=&#8221;{}&#8221; button_text_size__hover_enabled=&#8221;off&#8221; button_one_text_size__hover_enabled=&#8221;off&#8221; button_two_text_size__hover_enabled=&#8221;off&#8221; button_text_color__hover_enabled=&#8221;off&#8221; button_one_text_color__hover_enabled=&#8221;off&#8221; button_two_text_color__hover_enabled=&#8221;off&#8221; button_border_width__hover_enabled=&#8221;off&#8221; button_one_border_width__hover_enabled=&#8221;off&#8221; button_two_border_width__hover_enabled=&#8221;off&#8221; button_border_color__hover_enabled=&#8221;off&#8221; button_one_border_color__hover_enabled=&#8221;off&#8221; button_two_border_color__hover_enabled=&#8221;off&#8221; button_border_radius__hover_enabled=&#8221;off&#8221; button_one_border_radius__hover_enabled=&#8221;off&#8221; button_two_border_radius__hover_enabled=&#8221;off&#8221; button_letter_spacing__hover_enabled=&#8221;off&#8221; button_one_letter_spacing__hover_enabled=&#8221;off&#8221; button_two_letter_spacing__hover_enabled=&#8221;off&#8221; button_bg_color__hover_enabled=&#8221;off&#8221; button_one_bg_color__hover_enabled=&#8221;off&#8221; button_two_bg_color__hover_enabled=&#8221;off&#8221; sticky_transition=&#8221;on&#8221;][\/et_pb_slide][\/et_pb_fullwidth_slider][et_pb_fullwidth_post_title admin_label=&#8221;T\u00edtulo de publicaci\u00f3n de anchura completa&#8221; _builder_version=&#8221;4.27.4&#8243; _module_preset=&#8221;default&#8221; title_font=&#8221;Montserrat|600||||on|||&#8221; title_text_align=&#8221;center&#8221; title_text_color=&#8221;#242424&#8243; title_font_size=&#8221;38px&#8221; title_line_height=&#8221;1.4em&#8221; background_color=&#8221;rgba(214,214,214,0.25)&#8221; width=&#8221;100%&#8221; module_alignment=&#8221;left&#8221; custom_margin=&#8221;10px||15px||false|false&#8221; custom_padding=&#8221;5px||0px||false|false&#8221; border_radii=&#8221;on|10px|10px|10px|10px&#8221; box_shadow_style=&#8221;preset1&#8243; box_shadow_blur=&#8221;15px&#8221; parallax_effect=&#8221;on&#8221; module_bg_color=&#8221;rgba(255,255,255,0)&#8221; use_border_color=&#8221;off&#8221; border_color=&#8221;#ffffff&#8221; border_style=&#8221;solid&#8221; global_module=&#8221;984&#8243; saved_tabs=&#8221;all&#8221; global_colors_info=&#8221;{}&#8221;]<\/p>\n<p>&nbsp;<\/p>\n<p>[\/et_pb_fullwidth_post_title][\/et_pb_section][et_pb_section fb_built=&#8221;1&#8243; admin_label=&#8221;section&#8221; _builder_version=&#8221;4.16&#8243; _module_preset=&#8221;default&#8221; da_disable_devices=&#8221;off|off|off&#8221; transparent_background=&#8221;off&#8221; make_fullwidth=&#8221;off&#8221; use_custom_width=&#8221;off&#8221; width_unit=&#8221;on&#8221; global_colors_info=&#8221;{}&#8221; da_is_popup=&#8221;off&#8221; da_exit_intent=&#8221;off&#8221; da_has_close=&#8221;on&#8221; da_alt_close=&#8221;off&#8221; da_dark_close=&#8221;off&#8221; da_not_modal=&#8221;on&#8221; da_is_singular=&#8221;off&#8221; da_with_loader=&#8221;off&#8221; da_has_shadow=&#8221;on&#8221;][et_pb_row column_structure=&#8221;1_2,1_2&#8243; admin_label=&#8221;Fila&#8221; _builder_version=&#8221;4.20.4&#8243; _module_preset=&#8221;default&#8221; global_colors_info=&#8221;{}&#8221;][et_pb_column type=&#8221;1_2&#8243; _builder_version=&#8221;4.20.4&#8243; custom_padding=&#8221;|||&#8221; global_colors_info=&#8221;{}&#8221; custom_padding__hover=&#8221;|||&#8221;][et_pb_text admin_label=&#8221;Texto&#8221; _builder_version=&#8221;4.20.4&#8243; text_font=&#8221;Montserrat||||||||&#8221; text_font_size=&#8221;14px&#8221; text_line_height=&#8221;1.6em&#8221; background_size=&#8221;initial&#8221; background_position=&#8221;top_left&#8221; background_repeat=&#8221;repeat&#8221; width=&#8221;85%&#8221; module_alignment=&#8221;right&#8221; custom_margin=&#8221;0px|||35px|false|false&#8221; custom_padding=&#8221;0px|||&#8221; use_border_color=&#8221;off&#8221; border_color=&#8221;#ffffff&#8221; border_style=&#8221;solid&#8221; global_colors_info=&#8221;{}&#8221;]<\/p>\n<p style=\"text-align: right;\"><strong>La Bodega fue construida a finales del sigo XIX<\/strong> por la familia Rijo. En 1993 fue adquirida por sus actuales propietarios, la familia Meli\u00e1n, desde entonces se han compaginado las m\u00e1s antiguas tradiciones de viticultura con la m\u00e1s avanzada tecnolog\u00eda de elaboraci\u00f3n en el seguimiento del control de calidad.<\/p>\n<p style=\"text-align: right;\">Esta bodega familiar est\u00e1 entre las <strong>bodegas mas visitadas de Espa\u00f1a<\/strong> al estar ubicada en un enclave \u00fanico como es <strong>La Geria<\/strong>, zona vitiv\u00ednicola por excelencia de la isla de Lanzarote. Desde la bodega se puede apreciar unas vistas inmejorables de los vi\u00f1edos plantados en hoyos y excavados en la arena y rodeados de un manto de ceniza volc\u00e1nica. A su vez, se puede apreciar al fondo los volcanes del Parque Nacional de Timanfaya.<\/p>\n<p style=\"text-align: right;\"><strong>En su visita a Bodega La Geria podr\u00e1 disfrutar no solo de un paisaje excepcional sino tambi\u00e9n, podr\u00e1 visitar la bodega, catar sus vinos o comer algo en su bar-cafeter\u00eda<\/strong>.<\/p>\n<p>[\/et_pb_text][\/et_pb_column][et_pb_column type=&#8221;1_2&#8243; _builder_version=&#8221;4.20.4&#8243; _module_preset=&#8221;default&#8221; global_colors_info=&#8221;{}&#8221;][et_pb_gallery gallery_ids=&#8221;1044,1043,1041,1042,1040,1036,1037,1038,1039,1034,1035&#8243; fullwidth=&#8221;on&#8221; admin_label=&#8221;Galer\u00eda&#8221; _builder_version=&#8221;4.20.4&#8243; width=&#8221;480px&#8221; module_alignment=&#8221;left&#8221; custom_margin=&#8221;||||false|false&#8221; custom_padding=&#8221;|||65px|false|false&#8221; border_radii=&#8221;on|10px|10px|10px|10px&#8221; use_border_color=&#8221;off&#8221; border_color=&#8221;#ffffff&#8221; border_style=&#8221;solid&#8221; locked=&#8221;off&#8221; global_colors_info=&#8221;{}&#8221;][\/et_pb_gallery][\/et_pb_column][\/et_pb_row][et_pb_row admin_label=&#8221;Fila&#8221; _builder_version=&#8221;4.16&#8243; width=&#8221;75%&#8221; max_width=&#8221;65%&#8221; locked=&#8221;off&#8221; global_colors_info=&#8221;{}&#8221;][et_pb_column type=&#8221;4_4&#8243; _builder_version=&#8221;4.16&#8243; custom_padding=&#8221;|||&#8221; global_colors_info=&#8221;{}&#8221; custom_padding__hover=&#8221;|||&#8221;][et_pb_blurb title=&#8221;TIENDA ONLINE&#8221; url=&#8221;https:\/\/lageria.test\/tienda-online\/&#8221; use_icon=&#8221;on&#8221; font_icon=&#8221;&#xe015;||divi||400&#8243; icon_color=&#8221;#ffffff&#8221; image_icon_background_color=&#8221;#81b231&#8243; image_icon_width=&#8221;38px&#8221; _builder_version=&#8221;4.16&#8243; header_level=&#8221;h2&#8243; header_font=&#8221;Montserrat|600|||||||&#8221; header_text_align=&#8221;center&#8221; header_text_color=&#8221;#edf000&#8243; header_font_size=&#8221;32px&#8221; body_font=&#8221;Montserrat|600|||||||&#8221; body_text_align=&#8221;center&#8221; body_text_color=&#8221;#f0b800&#8243; body_font_size=&#8221;18px&#8221; background_image=&#8221;https:\/\/tienda.lageria.com\/wp-content\/uploads\/paisajes-01.jpeg&#8221; image_icon_custom_padding=&#8221;25px|25px|25px|25px|false|false&#8221; background_layout=&#8221;dark&#8221; custom_padding=&#8221;25px||25px||false|false&#8221; header_text_shadow_style=&#8221;preset5&#8243; body_text_shadow_style=&#8221;preset5&#8243; border_radii=&#8221;on|10px|10px|10px|10px&#8221; border_width_all=&#8221;1px&#8221; border_color_all=&#8221;#000000&#8243; border_radii_image=&#8221;on|100%|100%|100%|100%&#8221; icon_font_size=&#8221;38px&#8221; use_circle=&#8221;on&#8221; circle_color=&#8221;#81b231&#8243; global_colors_info=&#8221;{}&#8221; image_icon_background_color__sticky_enabled=&#8221;#0a0000&#8243; image_icon_background_color__sticky=&#8221;#0a0000&#8243;]<\/p>\n<p>Comprar nuestros vinos LA GERIA<\/p>\n<p>[\/et_pb_blurb][\/et_pb_column][\/et_pb_row][\/et_pb_section]<\/p>\n","protected":false},"excerpt":{"rendered":"<p>&nbsp;es de las bodegas m\u00e1s visitadas de Espa\u00f1a &#8230; &nbsp; La Bodega fue construida a finales del sigo XIX por la familia Rijo. En 1993 fue adquirida por sus actuales propietarios, la familia Meli\u00e1n, desde entonces se han compaginado las m\u00e1s antiguas tradiciones de viticultura con la m\u00e1s avanzada tecnolog\u00eda de elaboraci\u00f3n en el seguimiento del control de calidad. Esta bodega familiar est\u00e1 entre las bodegas mas visitadas de Espa\u00f1a al estar ubicada en un enclave \u00fanico como es La Geria, zona vitiv\u00ednicola por excelencia de la isla de Lanzarote. Desde la bodega se puede apreciar unas vistas inmejorables de los vi\u00f1edos plantados en hoyos y excavados en la arena y rodeados de un manto de ceniza volc\u00e1nica. A su vez, se puede apreciar al fondo los volcanes del Parque Nacional de Timanfaya. En su visita a Bodega La Geria podr\u00e1 disfrutar no solo de un paisaje excepcional sino tambi\u00e9n, podr\u00e1 visitar la bodega, catar sus vinos o comer algo en su bar-cafeter\u00eda.Comprar nuestros vinos LA GERIA<\/p>\n","protected":false},"author":7025,"featured_media":0,"parent":0,"menu_order":0,"comment_status":"open","ping_status":"closed","template":"","meta":{"_et_pb_use_builder":"on","_et_pb_old_content":"\u00a0\r\n<h1 style=\"text-align: left;\">es de las bodegas m\u00e1s visitadas de Espa\u00f1a ...<\/h1>\r\n <p>\u00a0<\/p>\r\n<p style=\"text-align: right;\"><strong>La Bodega fue construida a finales del sigo XIX<\/strong> por la familia Rijo. En 1993 fue adquirida por sus actuales propietarios, la familia Meli\u00e1n, desde entonces se han compaginado las m\u00e1s antiguas tradiciones de viticultura con la m\u00e1s avanzada tecnolog\u00eda de elaboraci\u00f3n en el seguimiento del control de calidad.<\/p>\r\n<p style=\"text-align: right;\">Esta bodega familiar est\u00e1 entre las <strong>bodegas mas visitadas de Espa\u00f1a<\/strong> al estar ubicada en un enclave \u00fanico como es <strong>La Geria<\/strong>, zona vitiv\u00ednicola por excelencia de la isla de Lanzarote. Desde la bodega se puede apreciar unas vistas inmejorables de los vi\u00f1edos plantados en hoyos y excavados en la arena y rodeados de un manto de ceniza volc\u00e1nica. A su vez, se puede apreciar al fondo los volcanes del Parque Nacional de Timanfaya.<\/p>\r\n<p style=\"text-align: right;\"><strong>En su visita a Bodega La Geria podr\u00e1 disfrutar no solo de un paisaje excepcional sino tambi\u00e9n, podr\u00e1 visitar la bodega, catar sus vinos o comer algo en su bar-cafeter\u00eda<\/strong>.<\/p><p>Comprar nuestros vinos LA GERIA<\/p>","_et_gb_content_width":"","footnotes":""},"class_list":["post-223852","page","type-page","status-publish","hentry"],"_links":{"self":[{"href":"https:\/\/tienda.lageria.com\/en\/wp-json\/wp\/v2\/pages\/223852","targetHints":{"allow":["GET"]}}],"collection":[{"href":"https:\/\/tienda.lageria.com\/en\/wp-json\/wp\/v2\/pages"}],"about":[{"href":"https:\/\/tienda.lageria.com\/en\/wp-json\/wp\/v2\/types\/page"}],"author":[{"embeddable":true,"href":"https:\/\/tienda.lageria.com\/en\/wp-json\/wp\/v2\/users\/7025"}],"replies":[{"embeddable":true,"href":"https:\/\/tienda.lageria.com\/en\/wp-json\/wp\/v2\/comments?post=223852"}],"version-history":[{"count":2,"href":"https:\/\/tienda.lageria.com\/en\/wp-json\/wp\/v2\/pages\/223852\/revisions"}],"predecessor-version":[{"id":233938,"href":"https:\/\/tienda.lageria.com\/en\/wp-json\/wp\/v2\/pages\/223852\/revisions\/233938"}],"wp:attachment":[{"href":"https:\/\/tienda.lageria.com\/en\/wp-json\/wp\/v2\/media?parent=223852"}],"curies":[{"name":"wp","href":"https:\/\/api.w.org\/{rel}","templated":true}]}}