{"id":3704,"date":"2015-07-24T02:41:13","date_gmt":"2015-07-24T02:41:13","guid":{"rendered":"https:\/\/tienda.lageria.com\/taberna\/"},"modified":"2025-09-19T06:43:10","modified_gmt":"2025-09-19T05:43:10","slug":"taberna","status":"publish","type":"page","link":"https:\/\/tienda.lageria.com\/en\/taberna\/","title":{"rendered":"Taberna La Cepa"},"content":{"rendered":"<p>[et_pb_section fb_built=&#8221;1&#8243; fullwidth=&#8221;on&#8221; custom_padding_last_edited=&#8221;on|desktop&#8221; admin_label=&#8221;section&#8221; _builder_version=&#8221;4.17.6&#8243; custom_padding_tablet=&#8221;50px|0|50px|0&#8243; custom_padding_phone=&#8221;&#8221; da_disable_devices=&#8221;off|off|off&#8221; transparent_background=&#8221;off&#8221; padding_mobile=&#8221;off&#8221; make_fullwidth=&#8221;off&#8221; use_custom_width=&#8221;off&#8221; width_unit=&#8221;on&#8221; global_colors_info=&#8221;{}&#8221; da_is_popup=&#8221;off&#8221; da_exit_intent=&#8221;off&#8221; da_has_close=&#8221;on&#8221; da_alt_close=&#8221;off&#8221; da_dark_close=&#8221;off&#8221; da_not_modal=&#8221;on&#8221; da_is_singular=&#8221;off&#8221; da_with_loader=&#8221;off&#8221; da_has_shadow=&#8221;on&#8221;][et_pb_fullwidth_post_title disabled_on=&#8221;on|on|on&#8221; admin_label=&#8221;T\u00edtulo de publicaci\u00f3n de anchura completa&#8221; _builder_version=&#8221;4.16&#8243; title_text_color=&#8221;#ededed&#8221; title_font_size=&#8221;84px&#8221; title_all_caps=&#8221;off&#8221; parallax_effect=&#8221;on&#8221; module_bg_color=&#8221;rgba(255,255,255,0)&#8221; use_border_color=&#8221;off&#8221; border_color=&#8221;#ffffff&#8221; border_style=&#8221;solid&#8221; disabled=&#8221;on&#8221; global_colors_info=&#8221;{}&#8221;]&nbsp;<br \/>\n[\/et_pb_fullwidth_post_title][et_pb_fullwidth_slider show_content_on_mobile=&#8221;off&#8221; show_cta_on_mobile=&#8221;off&#8221; admin_label=&#8221;Control deslizante de anchura completa&#8221; _builder_version=&#8221;4.17.6&#8243; custom_padding_tablet=&#8221;|||&#8221; custom_padding_phone=&#8221;|||&#8221; remove_inner_shadow=&#8221;on&#8221; hide_content_on_mobile=&#8221;on&#8221; hide_cta_on_mobile=&#8221;on&#8221; show_inner_shadow=&#8221;off&#8221; button_letter_spacing_hover=&#8221;0&#8243; global_colors_info=&#8221;{}&#8221; button_text_size__hover_enabled=&#8221;off&#8221; button_one_text_size__hover_enabled=&#8221;off&#8221; button_two_text_size__hover_enabled=&#8221;off&#8221; button_text_color__hover_enabled=&#8221;off&#8221; button_one_text_color__hover_enabled=&#8221;off&#8221; button_two_text_color__hover_enabled=&#8221;off&#8221; button_border_width__hover_enabled=&#8221;off&#8221; button_one_border_width__hover_enabled=&#8221;off&#8221; button_two_border_width__hover_enabled=&#8221;off&#8221; button_border_color__hover_enabled=&#8221;off&#8221; button_one_border_color__hover_enabled=&#8221;off&#8221; button_two_border_color__hover_enabled=&#8221;off&#8221; button_border_radius__hover_enabled=&#8221;off&#8221; button_one_border_radius__hover_enabled=&#8221;off&#8221; button_two_border_radius__hover_enabled=&#8221;off&#8221; button_one_letter_spacing__hover_enabled=&#8221;off&#8221; button_two_letter_spacing__hover_enabled=&#8221;off&#8221; button_bg_color__hover_enabled=&#8221;off&#8221; button_one_bg_color__hover_enabled=&#8221;off&#8221; button_two_bg_color__hover_enabled=&#8221;off&#8221;][et_pb_slide use_bg_overlay=&#8221;off&#8221; use_text_overlay=&#8221;off&#8221; _builder_version=&#8221;4.17.6&#8243; header_font=&#8221;||||&#8221; body_font=&#8221;||||&#8221; background_color=&#8221;#ffffff&#8221; background_image=&#8221;https:\/\/tienda.lageria.com\/wp-content\/uploads\/IMG_0112.jpg&#8221; background_enable_image=&#8221;on&#8221; button_icon_placement=&#8221;right&#8221; button_on_hover=&#8221;on&#8221; global_colors_info=&#8221;{}&#8221; button_text_size__hover_enabled=&#8221;off&#8221; button_one_text_size__hover_enabled=&#8221;off&#8221; button_two_text_size__hover_enabled=&#8221;off&#8221; button_text_color__hover_enabled=&#8221;off&#8221; button_one_text_color__hover_enabled=&#8221;off&#8221; button_two_text_color__hover_enabled=&#8221;off&#8221; button_border_width__hover_enabled=&#8221;off&#8221; button_one_border_width__hover_enabled=&#8221;off&#8221; button_two_border_width__hover_enabled=&#8221;off&#8221; button_border_color__hover_enabled=&#8221;off&#8221; button_one_border_color__hover_enabled=&#8221;off&#8221; button_two_border_color__hover_enabled=&#8221;off&#8221; button_border_radius__hover_enabled=&#8221;off&#8221; button_one_border_radius__hover_enabled=&#8221;off&#8221; button_two_border_radius__hover_enabled=&#8221;off&#8221; button_letter_spacing__hover_enabled=&#8221;off&#8221; button_one_letter_spacing__hover_enabled=&#8221;off&#8221; button_two_letter_spacing__hover_enabled=&#8221;off&#8221; button_bg_color__hover_enabled=&#8221;off&#8221; button_one_bg_color__hover_enabled=&#8221;off&#8221; button_two_bg_color__hover_enabled=&#8221;off&#8221; sticky_transition=&#8221;on&#8221;]<\/p>\n<p>&nbsp;<\/p>\n<p>&nbsp;<\/p>\n<h1 style=\"text-align: left;\">Taberna\u00a0La Cepa<\/h1>\n<p>&nbsp;<\/p>\n<p>[\/et_pb_slide][\/et_pb_fullwidth_slider][et_pb_fullwidth_post_title admin_label=&#8221;T\u00edtulo de publicaci\u00f3n de anchura completa&#8221; _builder_version=&#8221;4.27.4&#8243; _module_preset=&#8221;default&#8221; title_font=&#8221;Montserrat|600||||on|||&#8221; title_text_align=&#8221;center&#8221; title_text_color=&#8221;#242424&#8243; title_font_size=&#8221;38px&#8221; title_line_height=&#8221;1.4em&#8221; background_color=&#8221;rgba(214,214,214,0.25)&#8221; width=&#8221;100%&#8221; module_alignment=&#8221;left&#8221; custom_margin=&#8221;10px||15px||false|false&#8221; custom_padding=&#8221;5px||0px||false|false&#8221; border_radii=&#8221;on|10px|10px|10px|10px&#8221; box_shadow_style=&#8221;preset1&#8243; box_shadow_blur=&#8221;15px&#8221; parallax_effect=&#8221;on&#8221; module_bg_color=&#8221;rgba(255,255,255,0)&#8221; use_border_color=&#8221;off&#8221; border_color=&#8221;#ffffff&#8221; border_style=&#8221;solid&#8221; global_module=&#8221;984&#8243; saved_tabs=&#8221;all&#8221; global_colors_info=&#8221;{}&#8221;]<\/p>\n<p>&nbsp;<\/p>\n<p>[\/et_pb_fullwidth_post_title][\/et_pb_section][et_pb_section fb_built=&#8221;1&#8243; admin_label=&#8221;section&#8221; _builder_version=&#8221;4.17.6&#8243; width=&#8221;1024px&#8221; module_alignment=&#8221;center&#8221; da_disable_devices=&#8221;off|off|off&#8221; transparent_background=&#8221;off&#8221; padding_mobile=&#8221;off&#8221; make_fullwidth=&#8221;off&#8221; use_custom_width=&#8221;off&#8221; width_unit=&#8221;on&#8221; global_colors_info=&#8221;{}&#8221; da_is_popup=&#8221;off&#8221; da_exit_intent=&#8221;off&#8221; da_has_close=&#8221;on&#8221; da_alt_close=&#8221;off&#8221; da_dark_close=&#8221;off&#8221; da_not_modal=&#8221;on&#8221; da_is_singular=&#8221;off&#8221; da_with_loader=&#8221;off&#8221; da_has_shadow=&#8221;on&#8221;][et_pb_row column_structure=&#8221;3_5,2_5&#8243; admin_label=&#8221;Fila&#8221; _builder_version=&#8221;4.17.6&#8243; global_colors_info=&#8221;{}&#8221;][et_pb_column type=&#8221;3_5&#8243; _builder_version=&#8221;4.16&#8243; custom_padding=&#8221;|||&#8221; global_colors_info=&#8221;{}&#8221; custom_padding__hover=&#8221;|||&#8221;][et_pb_text admin_label=&#8221;Texto&#8221; _builder_version=&#8221;4.21.0&#8243; background_size=&#8221;initial&#8221; background_position=&#8221;top_left&#8221; background_repeat=&#8221;repeat&#8221; custom_margin=&#8221;0px|||&#8221; custom_padding=&#8221;0px|||&#8221; use_border_color=&#8221;off&#8221; border_color=&#8221;#ffffff&#8221; border_style=&#8221;solid&#8221; global_colors_info=&#8221;{}&#8221;]<\/p>\n<p>Con unas fant\u00e1sticas vistas al <strong>Paraje Natural de La Geria<\/strong>, podr\u00e1n degustar un exquisito surtido de pinchos acompa\u00f1ado de nuestros vinos malvas\u00edas La Geria. Si viene con algo mas de tiempo puede disfrutar de nuestra carta donde podr\u00e1 degustar algunos de los platos t\u00edpicos de la isla como la carne de cabra, las garbanzas o la carne de cochino en adobo.<\/p>\n<p>El bar-cafeter\u00eda est\u00e1 abierto todos los d\u00edas de<strong>\u00a0<\/strong><span class=\"s1\"><strong>9:00 a 18:00<\/strong> (Cocina: hasta las 16:30)<\/span><\/p>\n<p>Para m\u00e1s informaci\u00f3n y reservas puede llamar al tlf: <strong>828 180 501<\/strong><\/p>\n<p><strong>Aforo Limitado<\/strong>.<\/p>\n<p><strong><a href=\"https:\/\/tienda.lageria.com\/wp-content\/uploads\/cartabarlacepa2023.pdf\" target=\"_blank\" rel=\"noopener\">Ver Carta<\/a><\/strong><\/p>\n<p>[\/et_pb_text][\/et_pb_column][et_pb_column type=&#8221;2_5&#8243; _builder_version=&#8221;4.16&#8243; custom_padding=&#8221;|||&#8221; global_colors_info=&#8221;{}&#8221; custom_padding__hover=&#8221;|||&#8221;][et_pb_image src=&#8221;https:\/\/lageria.test\/wp-content\/uploads\/s0018-300&#215;300-1.jpg&#8221; title_text=&#8221;s0018-300&#215;300&#8243; show_in_lightbox=&#8221;on&#8221; _builder_version=&#8221;4.17.6&#8243; border_radii=&#8221;on|10px|10px|10px|10px&#8221; global_colors_info=&#8221;{}&#8221;][\/et_pb_image][\/et_pb_column][\/et_pb_row][\/et_pb_section]<\/p>\n","protected":false},"excerpt":{"rendered":"<p>&nbsp; &nbsp; &nbsp; Taberna\u00a0La Cepa &nbsp;&nbsp; Con unas fant\u00e1sticas vistas al Paraje Natural de La Geria, podr\u00e1n degustar un exquisito surtido de pinchos acompa\u00f1ado de nuestros vinos malvas\u00edas La Geria. Si viene con algo mas de tiempo puede disfrutar de nuestra carta donde podr\u00e1 degustar algunos de los platos t\u00edpicos de la isla como la carne de cabra, las garbanzas o la carne de cochino en adobo. El bar-cafeter\u00eda est\u00e1 abierto todos los d\u00edas de\u00a09:00 a 18:00 (Cocina: hasta las 16:30) Para m\u00e1s informaci\u00f3n y reservas puede llamar al tlf: 828 180 501 Aforo Limitado. Ver Carta<\/p>\n","protected":false},"author":7025,"featured_media":0,"parent":0,"menu_order":0,"comment_status":"open","ping_status":"closed","template":"","meta":{"_et_pb_use_builder":"on","_et_pb_old_content":"\u00a0\r\n<p>\u00a0<\/p>\r\n<p>\u00a0<\/p>\r\n<h1 style=\"text-align: left;\">Taberna\u00a0La Cepa<\/h1>\r\n<p>\u00a0<\/p><p>\u00a0<\/p>\r\n<p>Con unas fant\u00e1sticas vistas al <strong>Paraje Natural de La Geria<\/strong>, podr\u00e1n degustar un exquisito surtido de pinchos acompa\u00f1ado de nuestros vinos malvas\u00edas La Geria. Si viene con algo mas de tiempo puede disfrutar de nuestra carta donde podr\u00e1 degustar algunos de los platos t\u00edpicos de la isla como la carne de cabra, las garbanzas o la carne de cochino en adobo.<\/p>\r\n<p>El bar-cafeter\u00eda est\u00e1 abierto todos los d\u00edas de<strong>\u00a0<\/strong><span class=\"s1\"><strong>9:00 a 18:00<\/strong> (Cocina: hasta las 16:30)<\/span><\/p>\r\n<p>Para m\u00e1s informaci\u00f3n y reservas puede llamar al tlf: <strong>828 180 501<\/strong><\/p>\r\n<p><strong>Aforo Limitado<\/strong>.<\/p>\r\n<p><strong><a href=\"https:\/\/www.lageria.com\/wp-content\/uploads\/cartabarlacepa2023.pdf\" target=\"_blank\" rel=\"noopener\">Ver Carta<\/a><\/strong><\/p>","_et_gb_content_width":"","footnotes":""},"class_list":["post-3704","page","type-page","status-publish","hentry"],"_links":{"self":[{"href":"https:\/\/tienda.lageria.com\/en\/wp-json\/wp\/v2\/pages\/3704","targetHints":{"allow":["GET"]}}],"collection":[{"href":"https:\/\/tienda.lageria.com\/en\/wp-json\/wp\/v2\/pages"}],"about":[{"href":"https:\/\/tienda.lageria.com\/en\/wp-json\/wp\/v2\/types\/page"}],"author":[{"embeddable":true,"href":"https:\/\/tienda.lageria.com\/en\/wp-json\/wp\/v2\/users\/7025"}],"replies":[{"embeddable":true,"href":"https:\/\/tienda.lageria.com\/en\/wp-json\/wp\/v2\/comments?post=3704"}],"version-history":[{"count":3,"href":"https:\/\/tienda.lageria.com\/en\/wp-json\/wp\/v2\/pages\/3704\/revisions"}],"predecessor-version":[{"id":233948,"href":"https:\/\/tienda.lageria.com\/en\/wp-json\/wp\/v2\/pages\/3704\/revisions\/233948"}],"wp:attachment":[{"href":"https:\/\/tienda.lageria.com\/en\/wp-json\/wp\/v2\/media?parent=3704"}],"curies":[{"name":"wp","href":"https:\/\/api.w.org\/{rel}","templated":true}]}}