{"id":234146,"date":"2024-04-10T08:40:20","date_gmt":"2024-04-10T07:40:20","guid":{"rendered":"https:\/\/tienda.lageria.com\/producto\/manto-rosado\/"},"modified":"2026-04-03T19:21:54","modified_gmt":"2026-04-03T18:21:54","slug":"manto-rosado","status":"publish","type":"product","link":"https:\/\/tienda.lageria.com\/en\/producto\/manto-rosado\/","title":{"rendered":"MANTO Rosado"},"content":{"rendered":"","protected":false},"excerpt":{"rendered":"<p><strong>Manto Rosado<\/strong> es una edici\u00f3n limitada de vino. Elaborado con uva List\u00e1n Negro exclusiva de nuestra finca, y trabajado sobre l\u00edas de Malvas\u00eda.<\/p>\n","protected":false},"featured_media":232432,"comment_status":"closed","ping_status":"closed","template":"","meta":{"_et_pb_use_builder":"","_et_pb_old_content":"","_et_gb_content_width":""},"product_brand":[],"product_cat":[387,391,2783,395],"product_tag":[],"class_list":{"0":"post-234146","1":"product","2":"type-product","3":"status-publish","4":"has-post-thumbnail","6":"product_cat-tienda-online","7":"product_cat-vinos-tintos","8":"product_cat-vinos-rosado","9":"product_cat-vinos-malvasia-volcanica","11":"first","12":"instock","13":"shipping-taxable","14":"purchasable","15":"product-type-simple"},"_links":{"self":[{"href":"https:\/\/tienda.lageria.com\/en\/wp-json\/wp\/v2\/product\/234146","targetHints":{"allow":["GET"]}}],"collection":[{"href":"https:\/\/tienda.lageria.com\/en\/wp-json\/wp\/v2\/product"}],"about":[{"href":"https:\/\/tienda.lageria.com\/en\/wp-json\/wp\/v2\/types\/product"}],"replies":[{"embeddable":true,"href":"https:\/\/tienda.lageria.com\/en\/wp-json\/wp\/v2\/comments?post=234146"}],"wp:featuredmedia":[{"embeddable":true,"href":"https:\/\/tienda.lageria.com\/en\/wp-json\/wp\/v2\/media\/232432"}],"wp:attachment":[{"href":"https:\/\/tienda.lageria.com\/en\/wp-json\/wp\/v2\/media?parent=234146"}],"wp:term":[{"taxonomy":"product_brand","embeddable":true,"href":"https:\/\/tienda.lageria.com\/en\/wp-json\/wp\/v2\/product_brand?post=234146"},{"taxonomy":"product_cat","embeddable":true,"href":"https:\/\/tienda.lageria.com\/en\/wp-json\/wp\/v2\/product_cat?post=234146"},{"taxonomy":"product_tag","embeddable":true,"href":"https:\/\/tienda.lageria.com\/en\/wp-json\/wp\/v2\/product_tag?post=234146"}],"curies":[{"name":"wp","href":"https:\/\/api.w.org\/{rel}","templated":true}]}}