{"id":2677,"date":"2016-01-25T13:40:13","date_gmt":"2016-01-25T13:40:13","guid":{"rendered":"https:\/\/tienda.lageria.com\/producto\/la-geria-malvasia-volcanica-blanco-dulce-50cl\/"},"modified":"2026-01-12T15:14:55","modified_gmt":"2026-01-12T15:14:55","slug":"la-geria-malvasia-volcanica-blanco-dulce-50cl","status":"publish","type":"product","link":"https:\/\/tienda.lageria.com\/en\/producto\/la-geria-malvasia-volcanica-blanco-dulce-50cl\/","title":{"rendered":"La Geria Malvas\u00eda Volcanic White Sweet 50cl."},"content":{"rendered":"","protected":false},"excerpt":{"rendered":"<p>Malvasia grapes , located in valleys and slopes of volcanoes, are harvested manually , once it is well madura.Se makes a rigorous selection of grapes quality and subsequently pre -fermentation maceration in order to extract as much as possible varietal flavors<\/p>\n","protected":false},"featured_media":232444,"comment_status":"closed","ping_status":"closed","template":"","meta":{"_et_pb_use_builder":"","_et_pb_old_content":"<strong>ELABORACION<\/strong>\r\n\r\nLa uva Malvas\u00eda, que se encuentra en laderas y valles de los volcanes, se vendimia, manualmente, una vez est\u00e9 bien madura.\r\n\r\nSe realiza una selecci\u00f3n rigurosa de la uva de calidad y, posteriormente, una maceraci\u00f3n pre-fermentativa con el fin de extraer la mayor cantidad de aromas varietales posible.\r\n\r\nLa fermentaci\u00f3n se realiza con temperatura controlada entre 13 y 14\u00ba C. durante dos semanas. Finalmente, el mosto se convierte en vino.\r\n\r\nGraduaci\u00f3n alcoh\u00f3lica de 12%\r\n\r\nAz\u00facar residual de 118 g\/l.\r\n\r\nAcidez total de 6 g\/l.\r\n\r\n<strong>FICHA DE CATA<\/strong>\r\n\r\nLimpio, cristalino, con tonos alimonados y ribetes dorados.Una l\u00e1grima lenta y abundante.\r\n\r\nAromas tropicales como el maracuy\u00e1, mango y tambi\u00e9n aparecen notas de n\u00edspero y alm\u00edbar.\r\n\r\nRetro-nasal resaltan mucho m\u00e1s esos aromas.En boca es un vino con cuerpo, glic\u00e9rico e intenso, equilibrado y con un paso bastante agradable.\r\n\r\n<strong>Mantener y servir a temperaturas de 10\u00baC<\/strong>","_et_gb_content_width":""},"product_brand":[],"product_cat":[387,399,395],"product_tag":[884,883,881,867],"class_list":{"0":"post-2677","1":"product","2":"type-product","3":"status-publish","4":"has-post-thumbnail","6":"product_cat-tienda-online","7":"product_cat-vinos-dulces","8":"product_cat-vinos-malvasia-volcanica","9":"product_tag-blanco-en","10":"product_tag-dulce-en","11":"product_tag-malvasia-en","12":"product_tag-malvasia-volcanica-dulce-en","14":"first","15":"outofstock","16":"shipping-taxable","17":"purchasable","18":"product-type-simple"},"_links":{"self":[{"href":"https:\/\/tienda.lageria.com\/en\/wp-json\/wp\/v2\/product\/2677","targetHints":{"allow":["GET"]}}],"collection":[{"href":"https:\/\/tienda.lageria.com\/en\/wp-json\/wp\/v2\/product"}],"about":[{"href":"https:\/\/tienda.lageria.com\/en\/wp-json\/wp\/v2\/types\/product"}],"replies":[{"embeddable":true,"href":"https:\/\/tienda.lageria.com\/en\/wp-json\/wp\/v2\/comments?post=2677"}],"wp:featuredmedia":[{"embeddable":true,"href":"https:\/\/tienda.lageria.com\/en\/wp-json\/wp\/v2\/media\/232444"}],"wp:attachment":[{"href":"https:\/\/tienda.lageria.com\/en\/wp-json\/wp\/v2\/media?parent=2677"}],"wp:term":[{"taxonomy":"product_brand","embeddable":true,"href":"https:\/\/tienda.lageria.com\/en\/wp-json\/wp\/v2\/product_brand?post=2677"},{"taxonomy":"product_cat","embeddable":true,"href":"https:\/\/tienda.lageria.com\/en\/wp-json\/wp\/v2\/product_cat?post=2677"},{"taxonomy":"product_tag","embeddable":true,"href":"https:\/\/tienda.lageria.com\/en\/wp-json\/wp\/v2\/product_tag?post=2677"}],"curies":[{"name":"wp","href":"https:\/\/api.w.org\/{rel}","templated":true}]}}